{"id":2029,"date":"2020-06-19T03:51:12","date_gmt":"2020-06-19T03:51:12","guid":{"rendered":"https:\/\/www.indonesia-outdoorfurniture.com\/?post_type=product&amp;p=2029"},"modified":"2025-07-17T02:52:35","modified_gmt":"2025-07-17T02:52:35","slug":"summer-outdoor-dining-sets","status":"publish","type":"product","link":"https:\/\/indonesia-outdoorfurniture.com\/fr\/produit\/collections\/summer-outdoor-dining-sets\/","title":{"rendered":"Ensembles De Salle \u00c0 Manger En \u00c9t\u00e9 En Plein Air"},"content":{"rendered":"<h3 style=\"text-align: justify;\"><strong>Summer Outdoor Dining Set<\/strong><\/h3>\n<p style=\"text-align: justify;\">Summer Outdoor Dining Sets | &#8220;New&#8221; doesn&#8217;t always imply something totally original and novel; it could just be the evolution of an old idea! If everyone kept this thought in mind while furnishing (or re-decorating) their homes, then they could avoid falling into the &#8220;new is good&#8221; trap and exercise their creativity in turning a regular piece of furniture into something that is a statement of their personality<\/p>\n<p>To meet your needs, we are coming with one of our <em><strong><a href=\"https:\/\/indonesia-outdoorfurniture.com\/fr\/categorie-produit\/alloy-casting\/dining-set-alloy-casting\/\">latest collection of outdoor Dining set<\/a>.<\/strong><\/em> We named it as <em><strong>Ensembles De Salle \u00c0 Manger En \u00c9t\u00e9 En Plein Air<\/strong><\/em>. A Dining set that we design in such a way as to make it look simple, beautiful, comfortable, and stay strong. We use <em><strong>de plein air en bois de teck<\/strong><\/em>. Teak wood is durable, strong, and beautiful. For this dining set, we combine it with another material &#8211; namely: rope. We chose to use a neutral color rope, grey for this set, to make it look more modern. For added comfort, we add a large cushion and pillow on seating. For cushion we also choose a neutral color: broken white.<\/p>\n<p style=\"text-align: justify;\">The combination of <a href=\"https:\/\/www.indonesiateakwoodfurniture.com\/\"><em><strong>Indon\u00e9sien en bois de teck<\/strong><\/em><\/a>, with <em><strong>En Acier Inoxydable<\/strong><\/em> makes this Dining set really attractive. This is very comfortable. Try it and you will know it.<a href=\"https:\/\/indonesia-outdoorfurniture.com\/fr\/contact-us\/\"><em><strong> Contact us for reservations<\/strong><\/em><\/a>.<\/p>\n<p style=\"text-align: justify;\">You might wonder how it is possible to take something as basic as a piece of furniture and turn it into an expression of your individuality. What more can an ordinary dining set be, not just a place to sit and eat, or a charming piece? the answer is a placement , where you decide to place your dining set is what will make all the difference and turn it from a plain piece of furniture itself.<\/p>\n<p style=\"text-align: justify;\">Please contact us for order!!<\/p>","protected":false},"excerpt":{"rendered":"<p style=\"text-align: justify;\">The combination of <em><strong>Indon\u00e9sien en bois de teck<\/strong><\/em>, with Stainless Steel makes this Dining set really attractive. This is very comfortable. Try it and you will know it.<a href=\"https:\/\/indonesia-outdoorfurniture.com\/fr\/contact-us\/\"><em><strong> Contact us for reservations<\/strong><\/em><\/a>. We are furniture exporter especially for <a href=\"https:\/\/indonesia-outdoorfurniture.com\/fr\/\"><em><strong>OUTDOOR FURNITURE<\/strong><\/em><\/a>, mix items are welcome.<\/p>","protected":false},"featured_media":2330,"template":"","meta":[],"product_brand":[],"product_cat":[17],"product_tag":[31,116,117,118,119,120],"class_list":{"0":"post-2029","1":"product","2":"type-product","3":"status-publish","4":"has-post-thumbnail","6":"product_cat-collections","7":"product_tag-alloy-casting-dining-set-furniture","8":"product_tag-outdoor-dining-sets","9":"product_tag-promo-outdoor-dining-sets","10":"product_tag-summer-dining-sets","11":"product_tag-teak-wood-outdoor-dining-sets","12":"product_tag-wholesale-outdoor-dining-sets","14":"first","15":"instock","16":"shipping-taxable","17":"product-type-simple"},"yoast_head":"<!-- This site is optimized with the Yoast SEO plugin v27.1.1 - https:\/\/yoast.com\/product\/yoast-seo-wordpress\/ -->\n<title>Summer Outdoor Dining Sets | Outdoor Furniture Manufacturer Wholesale<\/title>\n<meta name=\"description\" content=\"New Promotion Sale Outdoor Dining Sets. We named it as Summer Outdoor Dining Sets. Design in such a way as to make it look simple, beautiful, comfortable\" \/>\n<meta name=\"robots\" content=\"index, follow, max-snippet:-1, max-image-preview:large, max-video-preview:-1\" \/>\n<link rel=\"canonical\" href=\"https:\/\/indonesia-outdoorfurniture.com\/fr\/product\/collections\/summer-outdoor-dining-sets\/\" \/>\n<meta property=\"og:locale\" content=\"fr_FR\" \/>\n<meta property=\"og:type\" content=\"article\" \/>\n<meta property=\"og:title\" content=\"Summer Outdoor Dining Sets | Outdoor Furniture Manufacturer Wholesale\" \/>\n<meta property=\"og:description\" content=\"New Promotion Sale Outdoor Dining Sets. We named it as Summer Outdoor Dining Sets. Design in such a way as to make it look simple, beautiful, comfortable\" \/>\n<meta property=\"og:url\" content=\"https:\/\/indonesia-outdoorfurniture.com\/fr\/product\/collections\/summer-outdoor-dining-sets\/\" \/>\n<meta property=\"og:site_name\" content=\"Wisanka Outdoor Furniture Manufacturer | Wholesale and Project\" \/>\n<meta property=\"article:modified_time\" content=\"2025-07-17T02:52:35+00:00\" \/>\n<meta property=\"og:image\" content=\"https:\/\/indonesia-outdoorfurniture.com\/new2026\/wp-content\/uploads\/2020\/06\/Summer-1-IG.jpeg\" \/>\n\t<meta property=\"og:image:width\" content=\"1081\" \/>\n\t<meta property=\"og:image:height\" content=\"1081\" \/>\n\t<meta property=\"og:image:type\" content=\"image\/jpeg\" \/>\n<meta name=\"twitter:card\" content=\"summary_large_image\" \/>\n<meta name=\"twitter:label1\" content=\"Dur\u00e9e de lecture estim\u00e9e\" \/>\n\t<meta name=\"twitter:data1\" content=\"1 minute\" \/>\n<script type=\"application\/ld+json\" class=\"yoast-schema-graph\">{\"@context\":\"https:\/\/schema.org\",\"@graph\":[{\"@type\":\"WebPage\",\"@id\":\"https:\/\/indonesia-outdoorfurniture.com\/product\/collections\/summer-outdoor-dining-sets\/\",\"url\":\"https:\/\/indonesia-outdoorfurniture.com\/product\/collections\/summer-outdoor-dining-sets\/\",\"name\":\"Summer Outdoor Dining Sets | Outdoor Furniture Manufacturer Wholesale\",\"isPartOf\":{\"@id\":\"https:\/\/indonesia-outdoorfurniture.com\/#website\"},\"primaryImageOfPage\":{\"@id\":\"https:\/\/indonesia-outdoorfurniture.com\/product\/collections\/summer-outdoor-dining-sets\/#primaryimage\"},\"image\":{\"@id\":\"https:\/\/indonesia-outdoorfurniture.com\/product\/collections\/summer-outdoor-dining-sets\/#primaryimage\"},\"thumbnailUrl\":\"https:\/\/indonesia-outdoorfurniture.com\/new2026\/wp-content\/uploads\/2020\/06\/Summer-1-IG.jpeg\",\"datePublished\":\"2020-06-19T03:51:12+00:00\",\"dateModified\":\"2025-07-17T02:52:35+00:00\",\"description\":\"New Promotion Sale Outdoor Dining Sets. We named it as Summer Outdoor Dining Sets. Design in such a way as to make it look simple, beautiful, comfortable\",\"breadcrumb\":{\"@id\":\"https:\/\/indonesia-outdoorfurniture.com\/product\/collections\/summer-outdoor-dining-sets\/#breadcrumb\"},\"inLanguage\":\"fr-FR\",\"potentialAction\":[{\"@type\":\"ReadAction\",\"target\":[\"https:\/\/indonesia-outdoorfurniture.com\/product\/collections\/summer-outdoor-dining-sets\/\"]}]},{\"@type\":\"ImageObject\",\"inLanguage\":\"fr-FR\",\"@id\":\"https:\/\/indonesia-outdoorfurniture.com\/product\/collections\/summer-outdoor-dining-sets\/#primaryimage\",\"url\":\"https:\/\/indonesia-outdoorfurniture.com\/new2026\/wp-content\/uploads\/2020\/06\/Summer-1-IG.jpeg\",\"contentUrl\":\"https:\/\/indonesia-outdoorfurniture.com\/new2026\/wp-content\/uploads\/2020\/06\/Summer-1-IG.jpeg\",\"width\":1081,\"height\":1081,\"caption\":\"Summer Outdoor Dining Sets\"},{\"@type\":\"BreadcrumbList\",\"@id\":\"https:\/\/indonesia-outdoorfurniture.com\/product\/collections\/summer-outdoor-dining-sets\/#breadcrumb\",\"itemListElement\":[{\"@type\":\"ListItem\",\"position\":1,\"name\":\"Home\",\"item\":\"https:\/\/indonesia-outdoorfurniture.com\/\"},{\"@type\":\"ListItem\",\"position\":2,\"name\":\"Product\",\"item\":\"https:\/\/indonesia-outdoorfurniture.com\/product\/\"},{\"@type\":\"ListItem\",\"position\":3,\"name\":\"Summer Outdoor Dining Sets\"}]},{\"@type\":\"WebSite\",\"@id\":\"https:\/\/indonesia-outdoorfurniture.com\/#website\",\"url\":\"https:\/\/indonesia-outdoorfurniture.com\/\",\"name\":\"Wisanka Outdoor Furniture Manufacturer | Wholesale and Project\",\"description\":\"\",\"potentialAction\":[{\"@type\":\"SearchAction\",\"target\":{\"@type\":\"EntryPoint\",\"urlTemplate\":\"https:\/\/indonesia-outdoorfurniture.com\/?s={search_term_string}\"},\"query-input\":{\"@type\":\"PropertyValueSpecification\",\"valueRequired\":true,\"valueName\":\"search_term_string\"}}],\"inLanguage\":\"fr-FR\"}]}<\/script>\n<!-- \/ Yoast SEO plugin. -->","yoast_head_json":{"title":"Summer Outdoor Dining Sets | Outdoor Furniture Manufacturer Wholesale","description":"New Promotion Sale Outdoor Dining Sets. We named it as Summer Outdoor Dining Sets. Design in such a way as to make it look simple, beautiful, comfortable","robots":{"index":"index","follow":"follow","max-snippet":"max-snippet:-1","max-image-preview":"max-image-preview:large","max-video-preview":"max-video-preview:-1"},"canonical":"https:\/\/indonesia-outdoorfurniture.com\/fr\/product\/collections\/summer-outdoor-dining-sets\/","og_locale":"fr_FR","og_type":"article","og_title":"Summer Outdoor Dining Sets | Outdoor Furniture Manufacturer Wholesale","og_description":"New Promotion Sale Outdoor Dining Sets. We named it as Summer Outdoor Dining Sets. Design in such a way as to make it look simple, beautiful, comfortable","og_url":"https:\/\/indonesia-outdoorfurniture.com\/fr\/product\/collections\/summer-outdoor-dining-sets\/","og_site_name":"Wisanka Outdoor Furniture Manufacturer | Wholesale and Project","article_modified_time":"2025-07-17T02:52:35+00:00","og_image":[{"width":1081,"height":1081,"url":"https:\/\/indonesia-outdoorfurniture.com\/new2026\/wp-content\/uploads\/2020\/06\/Summer-1-IG.jpeg","type":"image\/jpeg"}],"twitter_card":"summary_large_image","twitter_misc":{"Dur\u00e9e de lecture estim\u00e9e":"1 minute"},"schema":{"@context":"https:\/\/schema.org","@graph":[{"@type":"WebPage","@id":"https:\/\/indonesia-outdoorfurniture.com\/product\/collections\/summer-outdoor-dining-sets\/","url":"https:\/\/indonesia-outdoorfurniture.com\/product\/collections\/summer-outdoor-dining-sets\/","name":"Summer Outdoor Dining Sets | Outdoor Furniture Manufacturer Wholesale","isPartOf":{"@id":"https:\/\/indonesia-outdoorfurniture.com\/#website"},"primaryImageOfPage":{"@id":"https:\/\/indonesia-outdoorfurniture.com\/product\/collections\/summer-outdoor-dining-sets\/#primaryimage"},"image":{"@id":"https:\/\/indonesia-outdoorfurniture.com\/product\/collections\/summer-outdoor-dining-sets\/#primaryimage"},"thumbnailUrl":"https:\/\/indonesia-outdoorfurniture.com\/new2026\/wp-content\/uploads\/2020\/06\/Summer-1-IG.jpeg","datePublished":"2020-06-19T03:51:12+00:00","dateModified":"2025-07-17T02:52:35+00:00","description":"New Promotion Sale Outdoor Dining Sets. We named it as Summer Outdoor Dining Sets. Design in such a way as to make it look simple, beautiful, comfortable","breadcrumb":{"@id":"https:\/\/indonesia-outdoorfurniture.com\/product\/collections\/summer-outdoor-dining-sets\/#breadcrumb"},"inLanguage":"fr-FR","potentialAction":[{"@type":"ReadAction","target":["https:\/\/indonesia-outdoorfurniture.com\/product\/collections\/summer-outdoor-dining-sets\/"]}]},{"@type":"ImageObject","inLanguage":"fr-FR","@id":"https:\/\/indonesia-outdoorfurniture.com\/product\/collections\/summer-outdoor-dining-sets\/#primaryimage","url":"https:\/\/indonesia-outdoorfurniture.com\/new2026\/wp-content\/uploads\/2020\/06\/Summer-1-IG.jpeg","contentUrl":"https:\/\/indonesia-outdoorfurniture.com\/new2026\/wp-content\/uploads\/2020\/06\/Summer-1-IG.jpeg","width":1081,"height":1081,"caption":"Summer Outdoor Dining Sets"},{"@type":"BreadcrumbList","@id":"https:\/\/indonesia-outdoorfurniture.com\/product\/collections\/summer-outdoor-dining-sets\/#breadcrumb","itemListElement":[{"@type":"ListItem","position":1,"name":"Home","item":"https:\/\/indonesia-outdoorfurniture.com\/"},{"@type":"ListItem","position":2,"name":"Product","item":"https:\/\/indonesia-outdoorfurniture.com\/product\/"},{"@type":"ListItem","position":3,"name":"Summer Outdoor Dining Sets"}]},{"@type":"WebSite","@id":"https:\/\/indonesia-outdoorfurniture.com\/#website","url":"https:\/\/indonesia-outdoorfurniture.com\/","name":"Wisanka Outdoor Furniture Manufacturer | Wholesale and Project","description":"","potentialAction":[{"@type":"SearchAction","target":{"@type":"EntryPoint","urlTemplate":"https:\/\/indonesia-outdoorfurniture.com\/?s={search_term_string}"},"query-input":{"@type":"PropertyValueSpecification","valueRequired":true,"valueName":"search_term_string"}}],"inLanguage":"fr-FR"}]}},"_links":{"self":[{"href":"https:\/\/indonesia-outdoorfurniture.com\/fr\/wp-json\/wp\/v2\/product\/2029","targetHints":{"allow":["GET"]}}],"collection":[{"href":"https:\/\/indonesia-outdoorfurniture.com\/fr\/wp-json\/wp\/v2\/product"}],"about":[{"href":"https:\/\/indonesia-outdoorfurniture.com\/fr\/wp-json\/wp\/v2\/types\/product"}],"version-history":[{"count":0,"href":"https:\/\/indonesia-outdoorfurniture.com\/fr\/wp-json\/wp\/v2\/product\/2029\/revisions"}],"wp:featuredmedia":[{"embeddable":true,"href":"https:\/\/indonesia-outdoorfurniture.com\/fr\/wp-json\/wp\/v2\/media\/2330"}],"wp:attachment":[{"href":"https:\/\/indonesia-outdoorfurniture.com\/fr\/wp-json\/wp\/v2\/media?parent=2029"}],"wp:term":[{"taxonomy":"product_brand","embeddable":true,"href":"https:\/\/indonesia-outdoorfurniture.com\/fr\/wp-json\/wp\/v2\/product_brand?post=2029"},{"taxonomy":"product_cat","embeddable":true,"href":"https:\/\/indonesia-outdoorfurniture.com\/fr\/wp-json\/wp\/v2\/product_cat?post=2029"},{"taxonomy":"product_tag","embeddable":true,"href":"https:\/\/indonesia-outdoorfurniture.com\/fr\/wp-json\/wp\/v2\/product_tag?post=2029"}],"curies":[{"name":"wp","href":"https:\/\/api.w.org\/{rel}","templated":true}]}}