{"id":1154,"date":"2018-11-30T08:49:46","date_gmt":"2018-11-30T08:49:46","guid":{"rendered":"https:\/\/www.indonesia-outdoorfurniture.com\/indonesia-outdoorfurniture\/?post_type=product&amp;p=1154"},"modified":"2025-07-17T02:52:42","modified_gmt":"2025-07-17T02:52:42","slug":"collection-synthetic-rattan-paula-living-set","status":"publish","type":"product","link":"https:\/\/indonesia-outdoorfurniture.com\/es\/producto\/collections\/collection-synthetic-rattan-paula-living-set\/","title":{"rendered":"Colecci\u00f3n De Rat\u00e1n Sint\u00e9tico Paula Vivos"},"content":{"rendered":"<p>We Have Original produk from\u00a0<a href=\"https:\/\/www.wisanka.com\/gallery\/rattan-furniture\/syntheticrattan\/\">wisanka synthetic rattan furniture<\/a>, Wisanka have Great <a href=\"http:\/\/www.indoor-teak.com\/\">muebles de interior<\/a> y <a href=\"https:\/\/indonesia-outdoorfurniture.com\/es\/\">muebles de exterior<\/a>\u00a0division, If you require any item of\u00a0<a href=\"https:\/\/indonesia-outdoorfurniture.com\/es\/categoria-producto\/synthetic-rattan\/\">Indonesian Syntheticrattan Furniture<\/a>\u00a0perhaps an alternative size to that indicated as available, don\u2019t hesitate to <a href=\"https:\/\/indonesia-outdoorfurniture.com\/es\/contact-us\/\">P\u00f3ngase en contacto con nosotros<\/a> related to our products and services.<\/p>\n<p>Below the list of some related Synthetic Rattan Outdoor Furniture product of the major things that make Rattan Furniture Indonesia so famous and durable<\/p>","protected":false},"excerpt":{"rendered":"<p style=\"text-align: justify\">Synthetic Rattan Paula Living Set Collection From Wisanka Indonesia Modern Outdoor Furniture.<\/p>","protected":false},"featured_media":1155,"template":"","meta":[],"product_brand":[],"product_cat":[17],"product_tag":[19,21,22,23,24,25,26],"class_list":{"0":"post-1154","1":"product","2":"type-product","3":"status-publish","4":"has-post-thumbnail","6":"product_cat-collections","7":"product_tag-indonesia-living-set-furniture","8":"product_tag-outdoor-dining-set","9":"product_tag-outdoor-furniture","10":"product_tag-patio-living-set-furniture","11":"product_tag-rattan-outdoor-furniture","12":"product_tag-synthetic-rattan-outdoor-furniture","13":"product_tag-terrace-dining-set-furniture","15":"first","16":"instock","17":"shipping-taxable","18":"product-type-simple"},"yoast_head":"<!-- This site is optimized with the Yoast SEO plugin v27.1.1 - https:\/\/yoast.com\/product\/yoast-seo-wordpress\/ -->\n<title>Collection Synthetic Rattan Paula Living Set - Wisanka Outdoor Furniture Manufacturer | Wholesale and Project<\/title>\n<meta name=\"robots\" content=\"index, follow, max-snippet:-1, max-image-preview:large, max-video-preview:-1\" \/>\n<link rel=\"canonical\" href=\"https:\/\/indonesia-outdoorfurniture.com\/es\/product\/collections\/collection-synthetic-rattan-paula-living-set\/\" \/>\n<meta property=\"og:locale\" content=\"es_ES\" \/>\n<meta property=\"og:type\" content=\"article\" \/>\n<meta property=\"og:title\" content=\"Collection Synthetic Rattan Paula Living Set - Wisanka Outdoor Furniture Manufacturer | Wholesale and Project\" \/>\n<meta property=\"og:description\" content=\"Synthetic Rattan Paula Living Set Collection From Wisanka Indonesia Modern Outdoor Furniture.\" \/>\n<meta property=\"og:url\" content=\"https:\/\/indonesia-outdoorfurniture.com\/es\/product\/collections\/collection-synthetic-rattan-paula-living-set\/\" \/>\n<meta property=\"og:site_name\" content=\"Wisanka Outdoor Furniture Manufacturer | Wholesale and Project\" \/>\n<meta property=\"article:modified_time\" content=\"2025-07-17T02:52:42+00:00\" \/>\n<meta property=\"og:image\" content=\"https:\/\/indonesia-outdoorfurniture.com\/new2026\/wp-content\/uploads\/2018\/11\/Collection-Synthetic-Rattan-Paula-Living-Set-1024x683.jpg\" \/>\n\t<meta property=\"og:image:width\" content=\"1024\" \/>\n\t<meta property=\"og:image:height\" content=\"683\" \/>\n\t<meta property=\"og:image:type\" content=\"image\/jpeg\" \/>\n<meta name=\"twitter:card\" content=\"summary_large_image\" \/>\n<script type=\"application\/ld+json\" class=\"yoast-schema-graph\">{\"@context\":\"https:\/\/schema.org\",\"@graph\":[{\"@type\":\"WebPage\",\"@id\":\"https:\/\/indonesia-outdoorfurniture.com\/product\/collections\/collection-synthetic-rattan-paula-living-set\/\",\"url\":\"https:\/\/indonesia-outdoorfurniture.com\/product\/collections\/collection-synthetic-rattan-paula-living-set\/\",\"name\":\"Collection Synthetic Rattan Paula Living Set - Wisanka Outdoor Furniture Manufacturer | Wholesale and Project\",\"isPartOf\":{\"@id\":\"https:\/\/indonesia-outdoorfurniture.com\/#website\"},\"primaryImageOfPage\":{\"@id\":\"https:\/\/indonesia-outdoorfurniture.com\/product\/collections\/collection-synthetic-rattan-paula-living-set\/#primaryimage\"},\"image\":{\"@id\":\"https:\/\/indonesia-outdoorfurniture.com\/product\/collections\/collection-synthetic-rattan-paula-living-set\/#primaryimage\"},\"thumbnailUrl\":\"https:\/\/indonesia-outdoorfurniture.com\/new2026\/wp-content\/uploads\/2018\/11\/Collection-Synthetic-Rattan-Paula-Living-Set.jpg\",\"datePublished\":\"2018-11-30T08:49:46+00:00\",\"dateModified\":\"2025-07-17T02:52:42+00:00\",\"breadcrumb\":{\"@id\":\"https:\/\/indonesia-outdoorfurniture.com\/product\/collections\/collection-synthetic-rattan-paula-living-set\/#breadcrumb\"},\"inLanguage\":\"es\",\"potentialAction\":[{\"@type\":\"ReadAction\",\"target\":[\"https:\/\/indonesia-outdoorfurniture.com\/product\/collections\/collection-synthetic-rattan-paula-living-set\/\"]}]},{\"@type\":\"ImageObject\",\"inLanguage\":\"es\",\"@id\":\"https:\/\/indonesia-outdoorfurniture.com\/product\/collections\/collection-synthetic-rattan-paula-living-set\/#primaryimage\",\"url\":\"https:\/\/indonesia-outdoorfurniture.com\/new2026\/wp-content\/uploads\/2018\/11\/Collection-Synthetic-Rattan-Paula-Living-Set.jpg\",\"contentUrl\":\"https:\/\/indonesia-outdoorfurniture.com\/new2026\/wp-content\/uploads\/2018\/11\/Collection-Synthetic-Rattan-Paula-Living-Set.jpg\",\"width\":2184,\"height\":1456,\"caption\":\"Collection Synthetic Rattan Paula Living Set\"},{\"@type\":\"BreadcrumbList\",\"@id\":\"https:\/\/indonesia-outdoorfurniture.com\/product\/collections\/collection-synthetic-rattan-paula-living-set\/#breadcrumb\",\"itemListElement\":[{\"@type\":\"ListItem\",\"position\":1,\"name\":\"Home\",\"item\":\"https:\/\/indonesia-outdoorfurniture.com\/\"},{\"@type\":\"ListItem\",\"position\":2,\"name\":\"Product\",\"item\":\"https:\/\/indonesia-outdoorfurniture.com\/product\/\"},{\"@type\":\"ListItem\",\"position\":3,\"name\":\"Collection Synthetic Rattan Paula Living Set\"}]},{\"@type\":\"WebSite\",\"@id\":\"https:\/\/indonesia-outdoorfurniture.com\/#website\",\"url\":\"https:\/\/indonesia-outdoorfurniture.com\/\",\"name\":\"Wisanka Outdoor Furniture Manufacturer | Wholesale and Project\",\"description\":\"\",\"potentialAction\":[{\"@type\":\"SearchAction\",\"target\":{\"@type\":\"EntryPoint\",\"urlTemplate\":\"https:\/\/indonesia-outdoorfurniture.com\/?s={search_term_string}\"},\"query-input\":{\"@type\":\"PropertyValueSpecification\",\"valueRequired\":true,\"valueName\":\"search_term_string\"}}],\"inLanguage\":\"es\"}]}<\/script>\n<!-- \/ Yoast SEO plugin. -->","yoast_head_json":{"title":"Collection Synthetic Rattan Paula Living Set - Wisanka Outdoor Furniture Manufacturer | Wholesale and Project","robots":{"index":"index","follow":"follow","max-snippet":"max-snippet:-1","max-image-preview":"max-image-preview:large","max-video-preview":"max-video-preview:-1"},"canonical":"https:\/\/indonesia-outdoorfurniture.com\/es\/product\/collections\/collection-synthetic-rattan-paula-living-set\/","og_locale":"es_ES","og_type":"article","og_title":"Collection Synthetic Rattan Paula Living Set - Wisanka Outdoor Furniture Manufacturer | Wholesale and Project","og_description":"Synthetic Rattan Paula Living Set Collection From Wisanka Indonesia Modern Outdoor Furniture.","og_url":"https:\/\/indonesia-outdoorfurniture.com\/es\/product\/collections\/collection-synthetic-rattan-paula-living-set\/","og_site_name":"Wisanka Outdoor Furniture Manufacturer | Wholesale and Project","article_modified_time":"2025-07-17T02:52:42+00:00","og_image":[{"width":1024,"height":683,"url":"https:\/\/indonesia-outdoorfurniture.com\/new2026\/wp-content\/uploads\/2018\/11\/Collection-Synthetic-Rattan-Paula-Living-Set-1024x683.jpg","type":"image\/jpeg"}],"twitter_card":"summary_large_image","schema":{"@context":"https:\/\/schema.org","@graph":[{"@type":"WebPage","@id":"https:\/\/indonesia-outdoorfurniture.com\/product\/collections\/collection-synthetic-rattan-paula-living-set\/","url":"https:\/\/indonesia-outdoorfurniture.com\/product\/collections\/collection-synthetic-rattan-paula-living-set\/","name":"Collection Synthetic Rattan Paula Living Set - Wisanka Outdoor Furniture Manufacturer | Wholesale and Project","isPartOf":{"@id":"https:\/\/indonesia-outdoorfurniture.com\/#website"},"primaryImageOfPage":{"@id":"https:\/\/indonesia-outdoorfurniture.com\/product\/collections\/collection-synthetic-rattan-paula-living-set\/#primaryimage"},"image":{"@id":"https:\/\/indonesia-outdoorfurniture.com\/product\/collections\/collection-synthetic-rattan-paula-living-set\/#primaryimage"},"thumbnailUrl":"https:\/\/indonesia-outdoorfurniture.com\/new2026\/wp-content\/uploads\/2018\/11\/Collection-Synthetic-Rattan-Paula-Living-Set.jpg","datePublished":"2018-11-30T08:49:46+00:00","dateModified":"2025-07-17T02:52:42+00:00","breadcrumb":{"@id":"https:\/\/indonesia-outdoorfurniture.com\/product\/collections\/collection-synthetic-rattan-paula-living-set\/#breadcrumb"},"inLanguage":"es","potentialAction":[{"@type":"ReadAction","target":["https:\/\/indonesia-outdoorfurniture.com\/product\/collections\/collection-synthetic-rattan-paula-living-set\/"]}]},{"@type":"ImageObject","inLanguage":"es","@id":"https:\/\/indonesia-outdoorfurniture.com\/product\/collections\/collection-synthetic-rattan-paula-living-set\/#primaryimage","url":"https:\/\/indonesia-outdoorfurniture.com\/new2026\/wp-content\/uploads\/2018\/11\/Collection-Synthetic-Rattan-Paula-Living-Set.jpg","contentUrl":"https:\/\/indonesia-outdoorfurniture.com\/new2026\/wp-content\/uploads\/2018\/11\/Collection-Synthetic-Rattan-Paula-Living-Set.jpg","width":2184,"height":1456,"caption":"Collection Synthetic Rattan Paula Living Set"},{"@type":"BreadcrumbList","@id":"https:\/\/indonesia-outdoorfurniture.com\/product\/collections\/collection-synthetic-rattan-paula-living-set\/#breadcrumb","itemListElement":[{"@type":"ListItem","position":1,"name":"Home","item":"https:\/\/indonesia-outdoorfurniture.com\/"},{"@type":"ListItem","position":2,"name":"Product","item":"https:\/\/indonesia-outdoorfurniture.com\/product\/"},{"@type":"ListItem","position":3,"name":"Collection Synthetic Rattan Paula Living Set"}]},{"@type":"WebSite","@id":"https:\/\/indonesia-outdoorfurniture.com\/#website","url":"https:\/\/indonesia-outdoorfurniture.com\/","name":"Wisanka Outdoor Furniture Manufacturer | Wholesale and Project","description":"","potentialAction":[{"@type":"SearchAction","target":{"@type":"EntryPoint","urlTemplate":"https:\/\/indonesia-outdoorfurniture.com\/?s={search_term_string}"},"query-input":{"@type":"PropertyValueSpecification","valueRequired":true,"valueName":"search_term_string"}}],"inLanguage":"es"}]}},"_links":{"self":[{"href":"https:\/\/indonesia-outdoorfurniture.com\/es\/wp-json\/wp\/v2\/product\/1154","targetHints":{"allow":["GET"]}}],"collection":[{"href":"https:\/\/indonesia-outdoorfurniture.com\/es\/wp-json\/wp\/v2\/product"}],"about":[{"href":"https:\/\/indonesia-outdoorfurniture.com\/es\/wp-json\/wp\/v2\/types\/product"}],"version-history":[{"count":0,"href":"https:\/\/indonesia-outdoorfurniture.com\/es\/wp-json\/wp\/v2\/product\/1154\/revisions"}],"wp:featuredmedia":[{"embeddable":true,"href":"https:\/\/indonesia-outdoorfurniture.com\/es\/wp-json\/wp\/v2\/media\/1155"}],"wp:attachment":[{"href":"https:\/\/indonesia-outdoorfurniture.com\/es\/wp-json\/wp\/v2\/media?parent=1154"}],"wp:term":[{"taxonomy":"product_brand","embeddable":true,"href":"https:\/\/indonesia-outdoorfurniture.com\/es\/wp-json\/wp\/v2\/product_brand?post=1154"},{"taxonomy":"product_cat","embeddable":true,"href":"https:\/\/indonesia-outdoorfurniture.com\/es\/wp-json\/wp\/v2\/product_cat?post=1154"},{"taxonomy":"product_tag","embeddable":true,"href":"https:\/\/indonesia-outdoorfurniture.com\/es\/wp-json\/wp\/v2\/product_tag?post=1154"}],"curies":[{"name":"wp","href":"https:\/\/api.w.org\/{rel}","templated":true}]}}