{"id":7582,"date":"2025-04-08T05:04:17","date_gmt":"2025-04-08T05:04:17","guid":{"rendered":"https:\/\/indonesia-outdoorfurniture.com\/new2026\/?page_id=7582"},"modified":"2025-09-19T10:33:11","modified_gmt":"2025-09-19T03:33:11","slug":"virtual-reality-showroom","status":"publish","type":"page","link":"https:\/\/indonesia-outdoorfurniture.com\/es\/virtual-reality-showroom\/","title":{"rendered":"Virtual Reality Showroom"},"content":{"rendered":"<h1 style=\"text-align: center;\">Bienvenido A Wisanka Al Aire Libre Realidad Virtual Showroom<\/h1>\n<h3 style=\"text-align: center;\">&#034;Explorar Nuestra Colecci\u00f3n en cualquier Momento y en cualquier Lugar &#034;<\/h3>\n<p>Un cordial saludo a todos ustedes,<\/p>\n<p>Invitamos a todos a una totalmente personalizada experiencia de nuestra realidad virtual tour, con un solo dedo de deslizamiento y hacer clic. Estar\u00edamos muy felices de ayudarle a usted y discutir a trav\u00e9s de correo electr\u00f3nico, salas de chat, y programada llamada de v\u00eddeo para completar su negocio virtual viaje con nosotros.<\/p>\n<p>Este es nuestro honor para presentar una intensa y din\u00e1mica experiencia digital para el mundo por el lanzamiento de nuestro \u00faltimo amplia gama de dise\u00f1os y materiales. Por favor haga clic en el enlace de abajo y bienvenido a nuestro <em><strong>Al Aire Libre, Realidad Virtual Tour.<\/strong><\/em><br \/>Tambi\u00e9n nos gustar\u00eda agradecer a nuestro incre\u00edble equipo que contribuyeron con su tiempo y energ\u00eda para completar este proyecto.<\/p>\n<h1 style=\"text-align: center;\"><a href=\"https:\/\/indonesia-outdoorfurniture.com\/es\/virtual-reality-showroom\/\">Wisanka Al Aire Libre Realidad Virtual Showroom<\/a><\/h1>\n<h4 style=\"text-align: center;\">Gracias y vamos a explorar.<\/h4>\n\n<p><center><iframe loading=\"lazy\" src=\"https:\/\/www.indonesia-outdoorfurniture.com\/indonesia-outdoorfurniture\/wp-content\/uploads\/virtual\/index.htm\" width=\"1000\" height=\"500px\"><\/iframe><\/center><\/p>","protected":false},"excerpt":{"rendered":"<p>Welcome To Wisanka Outdoor Virtual Reality Showroom \u201c Explore Our Collection Anytime and Anywhere \u201d Warm regards to all of you, We do invite everyone to a fully personalized experience of our virtual reality tour with just a simple finger sliding and clicking. We would be very happy to assist you and discuss via email, [&hellip;]<\/p>\n","protected":false},"author":1,"featured_media":0,"parent":0,"menu_order":0,"comment_status":"closed","ping_status":"closed","template":"","meta":{"footnotes":""},"class_list":["post-7582","page","type-page","status-publish","hentry"],"yoast_head":"<!-- This site is optimized with the Yoast SEO plugin v27.1.1 - https:\/\/yoast.com\/product\/yoast-seo-wordpress\/ -->\n<title>Virtual Reality Showroom - Wisanka Outdoor Furniture Manufacturer | Wholesale and Project<\/title>\n<meta name=\"robots\" content=\"index, follow, max-snippet:-1, max-image-preview:large, max-video-preview:-1\" \/>\n<link rel=\"canonical\" href=\"https:\/\/indonesia-outdoorfurniture.com\/es\/virtual-reality-showroom\/\" \/>\n<meta property=\"og:locale\" content=\"es_ES\" \/>\n<meta property=\"og:type\" content=\"article\" \/>\n<meta property=\"og:title\" content=\"Virtual Reality Showroom - Wisanka Outdoor Furniture Manufacturer | Wholesale and Project\" \/>\n<meta property=\"og:description\" content=\"Welcome To Wisanka Outdoor Virtual Reality Showroom \u201c Explore Our Collection Anytime and Anywhere \u201d Warm regards to all of you, We do invite everyone to a fully personalized experience of our virtual reality tour with just a simple finger sliding and clicking. We would be very happy to assist you and discuss via email, [&hellip;]\" \/>\n<meta property=\"og:url\" content=\"https:\/\/indonesia-outdoorfurniture.com\/es\/virtual-reality-showroom\/\" \/>\n<meta property=\"og:site_name\" content=\"Wisanka Outdoor Furniture Manufacturer | Wholesale and Project\" \/>\n<meta property=\"article:modified_time\" content=\"2025-09-19T03:33:11+00:00\" \/>\n<meta name=\"twitter:card\" content=\"summary_large_image\" \/>\n<meta name=\"twitter:label1\" content=\"Tiempo de lectura\" \/>\n\t<meta name=\"twitter:data1\" content=\"1 minuto\" \/>\n<script type=\"application\/ld+json\" class=\"yoast-schema-graph\">{\"@context\":\"https:\/\/schema.org\",\"@graph\":[{\"@type\":\"WebPage\",\"@id\":\"https:\/\/indonesia-outdoorfurniture.com\/virtual-reality-showroom\/\",\"url\":\"https:\/\/indonesia-outdoorfurniture.com\/virtual-reality-showroom\/\",\"name\":\"Virtual Reality Showroom - Wisanka Outdoor Furniture Manufacturer | Wholesale and Project\",\"isPartOf\":{\"@id\":\"https:\/\/indonesia-outdoorfurniture.com\/#website\"},\"datePublished\":\"2025-04-08T05:04:17+00:00\",\"dateModified\":\"2025-09-19T03:33:11+00:00\",\"breadcrumb\":{\"@id\":\"https:\/\/indonesia-outdoorfurniture.com\/virtual-reality-showroom\/#breadcrumb\"},\"inLanguage\":\"es\",\"potentialAction\":[{\"@type\":\"ReadAction\",\"target\":[\"https:\/\/indonesia-outdoorfurniture.com\/virtual-reality-showroom\/\"]}]},{\"@type\":\"BreadcrumbList\",\"@id\":\"https:\/\/indonesia-outdoorfurniture.com\/virtual-reality-showroom\/#breadcrumb\",\"itemListElement\":[{\"@type\":\"ListItem\",\"position\":1,\"name\":\"Home\",\"item\":\"https:\/\/indonesia-outdoorfurniture.com\/\"},{\"@type\":\"ListItem\",\"position\":2,\"name\":\"Virtual Reality Showroom\"}]},{\"@type\":\"WebSite\",\"@id\":\"https:\/\/indonesia-outdoorfurniture.com\/#website\",\"url\":\"https:\/\/indonesia-outdoorfurniture.com\/\",\"name\":\"Wisanka Outdoor Furniture Manufacturer | Wholesale and Project\",\"description\":\"\",\"potentialAction\":[{\"@type\":\"SearchAction\",\"target\":{\"@type\":\"EntryPoint\",\"urlTemplate\":\"https:\/\/indonesia-outdoorfurniture.com\/?s={search_term_string}\"},\"query-input\":{\"@type\":\"PropertyValueSpecification\",\"valueRequired\":true,\"valueName\":\"search_term_string\"}}],\"inLanguage\":\"es\"}]}<\/script>\n<!-- \/ Yoast SEO plugin. -->","yoast_head_json":{"title":"Virtual Reality Showroom - Wisanka Outdoor Furniture Manufacturer | Wholesale and Project","robots":{"index":"index","follow":"follow","max-snippet":"max-snippet:-1","max-image-preview":"max-image-preview:large","max-video-preview":"max-video-preview:-1"},"canonical":"https:\/\/indonesia-outdoorfurniture.com\/es\/virtual-reality-showroom\/","og_locale":"es_ES","og_type":"article","og_title":"Virtual Reality Showroom - Wisanka Outdoor Furniture Manufacturer | Wholesale and Project","og_description":"Welcome To Wisanka Outdoor Virtual Reality Showroom \u201c Explore Our Collection Anytime and Anywhere \u201d Warm regards to all of you, We do invite everyone to a fully personalized experience of our virtual reality tour with just a simple finger sliding and clicking. We would be very happy to assist you and discuss via email, [&hellip;]","og_url":"https:\/\/indonesia-outdoorfurniture.com\/es\/virtual-reality-showroom\/","og_site_name":"Wisanka Outdoor Furniture Manufacturer | Wholesale and Project","article_modified_time":"2025-09-19T03:33:11+00:00","twitter_card":"summary_large_image","twitter_misc":{"Tiempo de lectura":"1 minuto"},"schema":{"@context":"https:\/\/schema.org","@graph":[{"@type":"WebPage","@id":"https:\/\/indonesia-outdoorfurniture.com\/virtual-reality-showroom\/","url":"https:\/\/indonesia-outdoorfurniture.com\/virtual-reality-showroom\/","name":"Virtual Reality Showroom - Wisanka Outdoor Furniture Manufacturer | Wholesale and Project","isPartOf":{"@id":"https:\/\/indonesia-outdoorfurniture.com\/#website"},"datePublished":"2025-04-08T05:04:17+00:00","dateModified":"2025-09-19T03:33:11+00:00","breadcrumb":{"@id":"https:\/\/indonesia-outdoorfurniture.com\/virtual-reality-showroom\/#breadcrumb"},"inLanguage":"es","potentialAction":[{"@type":"ReadAction","target":["https:\/\/indonesia-outdoorfurniture.com\/virtual-reality-showroom\/"]}]},{"@type":"BreadcrumbList","@id":"https:\/\/indonesia-outdoorfurniture.com\/virtual-reality-showroom\/#breadcrumb","itemListElement":[{"@type":"ListItem","position":1,"name":"Home","item":"https:\/\/indonesia-outdoorfurniture.com\/"},{"@type":"ListItem","position":2,"name":"Virtual Reality Showroom"}]},{"@type":"WebSite","@id":"https:\/\/indonesia-outdoorfurniture.com\/#website","url":"https:\/\/indonesia-outdoorfurniture.com\/","name":"Wisanka Outdoor Furniture Manufacturer | Wholesale and Project","description":"","potentialAction":[{"@type":"SearchAction","target":{"@type":"EntryPoint","urlTemplate":"https:\/\/indonesia-outdoorfurniture.com\/?s={search_term_string}"},"query-input":{"@type":"PropertyValueSpecification","valueRequired":true,"valueName":"search_term_string"}}],"inLanguage":"es"}]}},"_links":{"self":[{"href":"https:\/\/indonesia-outdoorfurniture.com\/es\/wp-json\/wp\/v2\/pages\/7582","targetHints":{"allow":["GET"]}}],"collection":[{"href":"https:\/\/indonesia-outdoorfurniture.com\/es\/wp-json\/wp\/v2\/pages"}],"about":[{"href":"https:\/\/indonesia-outdoorfurniture.com\/es\/wp-json\/wp\/v2\/types\/page"}],"author":[{"embeddable":true,"href":"https:\/\/indonesia-outdoorfurniture.com\/es\/wp-json\/wp\/v2\/users\/1"}],"replies":[{"embeddable":true,"href":"https:\/\/indonesia-outdoorfurniture.com\/es\/wp-json\/wp\/v2\/comments?post=7582"}],"version-history":[{"count":4,"href":"https:\/\/indonesia-outdoorfurniture.com\/es\/wp-json\/wp\/v2\/pages\/7582\/revisions"}],"predecessor-version":[{"id":7864,"href":"https:\/\/indonesia-outdoorfurniture.com\/es\/wp-json\/wp\/v2\/pages\/7582\/revisions\/7864"}],"wp:attachment":[{"href":"https:\/\/indonesia-outdoorfurniture.com\/es\/wp-json\/wp\/v2\/media?parent=7582"}],"curies":[{"name":"wp","href":"https:\/\/api.w.org\/{rel}","templated":true}]}}