{"id":2,"date":"2025-02-24T04:45:31","date_gmt":"2025-02-24T04:45:31","guid":{"rendered":"https:\/\/indonesia-outdoorfurniture.com\/new2026\/?page_id=2"},"modified":"2025-10-16T14:11:34","modified_gmt":"2025-10-16T07:11:34","slug":"outdoor","status":"publish","type":"page","link":"https:\/\/indonesia-outdoorfurniture.com\/de\/","title":{"rendered":"Indonesia Outdoor Furniture Manufacturer | Wholesale and Project"},"content":{"rendered":"<!-- wp:Array \/-->\n\n<p><em><strong>Indonesien M\u00f6bel Im Freien<\/strong>\u00a0<\/em>hat eine abwechslungsreiche Linie von M\u00f6beln f\u00fcr Ihre vielen outdoor verwendet. Gibt es patio sets, teak-B\u00e4nke, outdoor-teak Holz Ess-sets, outdoor-teak Holz-Wohnzimmer-sets, Sonnenliegen, teak St\u00fchle, teak Holz Tischen, und Laufkatze. Diese Entscheidungen in outdoor-M\u00f6bel kommen in vielen verschiedenen Ausf\u00fchrungen und Gr\u00f6\u00dfen, sowie Kombinationen und verwendet. Hier sind einige der\u00a0<strong><a href=\"https:\/\/www.wisanka.com\/\">Wisanka<\/a>\u00a0Outdoor-M\u00f6bel<\/strong> Typen, die Sie k\u00f6nnen w\u00e4hlen Sie aus f\u00fcr Ihre outdoor - <em><strong> M\u00f6bel<\/strong><\/em>\u00a0muss.<\/p>\n\n<p>\n<video width=\"100%\" height=\"auto\" poster=\"https:\/\/wic.wisanka.com\/wp-content\/uploads\/2024\/02\/WISANKA-UNIT-MLONGGO.jpg\" controls><source src=\"https:\/\/wic.wisanka.com\/wp-content\/uploads\/2024\/02\/WISANKA-UNIT-MLONGGO.mp4\" type=\"video\/mp4\"><\/video><\/p>\n\n\n<!-- wp:Array \/-->\n\n<figure class=\"wp-block-image size-full\"><img loading=\"lazy\" decoding=\"async\" width=\"1000\" height=\"667\" src=\"https:\/\/indonesia-outdoorfurniture.com\/new2026\/wp-content\/uploads\/2025\/02\/Outdoor-furniture-Supplier-Production-Process.webp\" alt class=\"wp-image-492\" srcset=\"https:\/\/indonesia-outdoorfurniture.com\/new2026\/wp-content\/uploads\/2025\/02\/Outdoor-furniture-Supplier-Production-Process.webp 1000w, https:\/\/indonesia-outdoorfurniture.com\/new2026\/wp-content\/uploads\/2025\/02\/Outdoor-furniture-Supplier-Production-Process-300x200.webp 300w, https:\/\/indonesia-outdoorfurniture.com\/new2026\/wp-content\/uploads\/2025\/02\/Outdoor-furniture-Supplier-Production-Process-768x512.webp 768w, https:\/\/indonesia-outdoorfurniture.com\/new2026\/wp-content\/uploads\/2025\/02\/Outdoor-furniture-Supplier-Production-Process-18x12.webp 18w, https:\/\/indonesia-outdoorfurniture.com\/new2026\/wp-content\/uploads\/2025\/02\/Outdoor-furniture-Supplier-Production-Process-600x400.webp 600w\" sizes=\"auto, (max-width: 1000px) 100vw, 1000px\" \/><\/figure>\n\n<h3 class=\"wp-block-heading\">Outdoor-M\u00f6bel-Produktionsprozess<\/h3>\n\n<p>Wisanka \u2013 Outdoor-M\u00f6bel-Unternehmen<\/p>\n\n<figure class=\"wp-block-image size-full\"><img loading=\"lazy\" decoding=\"async\" width=\"800\" height=\"534\" src=\"https:\/\/indonesia-outdoorfurniture.com\/new2026\/wp-content\/uploads\/2025\/02\/Indonesian-teak-wood-furniture-manufacturers-company.webp\" alt class=\"wp-image-290\" srcset=\"https:\/\/indonesia-outdoorfurniture.com\/new2026\/wp-content\/uploads\/2025\/02\/Indonesian-teak-wood-furniture-manufacturers-company.webp 800w, https:\/\/indonesia-outdoorfurniture.com\/new2026\/wp-content\/uploads\/2025\/02\/Indonesian-teak-wood-furniture-manufacturers-company-300x200.webp 300w, https:\/\/indonesia-outdoorfurniture.com\/new2026\/wp-content\/uploads\/2025\/02\/Indonesian-teak-wood-furniture-manufacturers-company-768x513.webp 768w, https:\/\/indonesia-outdoorfurniture.com\/new2026\/wp-content\/uploads\/2025\/02\/Indonesian-teak-wood-furniture-manufacturers-company-18x12.webp 18w, https:\/\/indonesia-outdoorfurniture.com\/new2026\/wp-content\/uploads\/2025\/02\/Indonesian-teak-wood-furniture-manufacturers-company-600x401.webp 600w\" sizes=\"auto, (max-width: 800px) 100vw, 800px\" \/><\/figure>\n\n<h2 class=\"wp-block-heading\">Indonesian teak-Holz-M\u00f6bel-Hersteller Unternehmen<\/h2>\n\n<p>Wisanka \u2013 Outdoor-M\u00f6bel-Unternehmen<\/p>\n\n<figure class=\"wp-block-image size-full\"><img loading=\"lazy\" decoding=\"async\" width=\"800\" height=\"533\" src=\"https:\/\/indonesia-outdoorfurniture.com\/new2026\/wp-content\/uploads\/2025\/02\/Outdoor-teak-furniture-factory-wooden-furniture-manufacturers.webp\" alt class=\"wp-image-291\" srcset=\"https:\/\/indonesia-outdoorfurniture.com\/new2026\/wp-content\/uploads\/2025\/02\/Outdoor-teak-furniture-factory-wooden-furniture-manufacturers.webp 800w, https:\/\/indonesia-outdoorfurniture.com\/new2026\/wp-content\/uploads\/2025\/02\/Outdoor-teak-furniture-factory-wooden-furniture-manufacturers-300x200.webp 300w, https:\/\/indonesia-outdoorfurniture.com\/new2026\/wp-content\/uploads\/2025\/02\/Outdoor-teak-furniture-factory-wooden-furniture-manufacturers-768x512.webp 768w, https:\/\/indonesia-outdoorfurniture.com\/new2026\/wp-content\/uploads\/2025\/02\/Outdoor-teak-furniture-factory-wooden-furniture-manufacturers-18x12.webp 18w, https:\/\/indonesia-outdoorfurniture.com\/new2026\/wp-content\/uploads\/2025\/02\/Outdoor-teak-furniture-factory-wooden-furniture-manufacturers-600x400.webp 600w\" sizes=\"auto, (max-width: 800px) 100vw, 800px\" \/><\/figure>\n\n<h3 class=\"wp-block-heading\">Outdoor-Holz-M\u00f6bel-Hersteller<\/h3>\n\n<p>Wisanka \u2013 Outdoor-M\u00f6bel-Unternehmen<\/p>\n\n<figure class=\"wp-block-image size-full\"><img loading=\"lazy\" decoding=\"async\" width=\"1000\" height=\"667\" src=\"https:\/\/indonesia-outdoorfurniture.com\/new2026\/wp-content\/uploads\/2025\/02\/Teak-Wood-Outdoor-Furniture-company.webp\" alt class=\"wp-image-489\" srcset=\"https:\/\/indonesia-outdoorfurniture.com\/new2026\/wp-content\/uploads\/2025\/02\/Teak-Wood-Outdoor-Furniture-company.webp 1000w, https:\/\/indonesia-outdoorfurniture.com\/new2026\/wp-content\/uploads\/2025\/02\/Teak-Wood-Outdoor-Furniture-company-300x200.webp 300w, https:\/\/indonesia-outdoorfurniture.com\/new2026\/wp-content\/uploads\/2025\/02\/Teak-Wood-Outdoor-Furniture-company-768x512.webp 768w, https:\/\/indonesia-outdoorfurniture.com\/new2026\/wp-content\/uploads\/2025\/02\/Teak-Wood-Outdoor-Furniture-company-18x12.webp 18w, https:\/\/indonesia-outdoorfurniture.com\/new2026\/wp-content\/uploads\/2025\/02\/Teak-Wood-Outdoor-Furniture-company-600x400.webp 600w\" sizes=\"auto, (max-width: 1000px) 100vw, 1000px\" \/><\/figure>\n\n<h2 class=\"wp-block-heading\">Teakholz Outdoor-M\u00f6bel-Unternehmen<\/h2>\n\n<p>Wisanka \u2013 Outdoor-M\u00f6bel-Unternehmen<\/p>\n\n<!-- wp:Array \/-->\n\n<!-- wp:Array \/-->\n\n<p>Wir machen neue Innovationen mit modernem design und \u00e4sthetik durch die Schaffung qualitativ hochwertige Produkte aus Metall und teak-Holz material. Wir versuchen, die M\u00f6bel zu machen, Produkte mit eine einfache, aber elegante design, nat\u00fcrlich mit einem g\u00fcnstigeren Preis in Indonesische M\u00f6bel.<\/p>\n<p>Die St\u00e4rke der Kombination von Metall &amp; Teak-Holz wird sicherlich begleiten Sie zu genie\u00dfen Ihr drau\u00dfen moment mit Ihrer geliebten Familie.<\/p>\n\n<p>\n<video width=\"100%\" height=\"auto\" poster=\"https:\/\/wic.wisanka.com\/wp-content\/uploads\/2024\/02\/WISANKA-UNIT-MLONGGO.jpg\" controls><source src=\"https:\/\/wic.wisanka.com\/wp-content\/uploads\/2024\/02\/WISANKA-UNIT-MLONGGO.mp4\" type=\"video\/mp4\"><\/video><\/p>\n\n\n<figure class=\"wp-block-image size-full\"><img loading=\"lazy\" decoding=\"async\" width=\"1000\" height=\"666\" src=\"https:\/\/indonesia-outdoorfurniture.com\/new2026\/wp-content\/uploads\/2025\/02\/Table-Catalog.webp\" alt class=\"wp-image-574\" srcset=\"https:\/\/indonesia-outdoorfurniture.com\/new2026\/wp-content\/uploads\/2025\/02\/Table-Catalog.webp 1000w, https:\/\/indonesia-outdoorfurniture.com\/new2026\/wp-content\/uploads\/2025\/02\/Table-Catalog-300x200.webp 300w, https:\/\/indonesia-outdoorfurniture.com\/new2026\/wp-content\/uploads\/2025\/02\/Table-Catalog-768x511.webp 768w, https:\/\/indonesia-outdoorfurniture.com\/new2026\/wp-content\/uploads\/2025\/02\/Table-Catalog-18x12.webp 18w, https:\/\/indonesia-outdoorfurniture.com\/new2026\/wp-content\/uploads\/2025\/02\/Table-Catalog-600x400.webp 600w\" sizes=\"auto, (max-width: 1000px) 100vw, 1000px\" \/><\/figure>\n\n<p>Tabellen<\/p>\n\n<figure class=\"wp-block-image size-woocommerce_single\"><img loading=\"lazy\" decoding=\"async\" width=\"600\" height=\"400\" src=\"https:\/\/indonesia-outdoorfurniture.com\/new2026\/wp-content\/uploads\/2025\/02\/Stool-600x400.webp\" alt class=\"wp-image-607\" srcset=\"https:\/\/indonesia-outdoorfurniture.com\/new2026\/wp-content\/uploads\/2025\/02\/Stool-600x400.webp 600w, https:\/\/indonesia-outdoorfurniture.com\/new2026\/wp-content\/uploads\/2025\/02\/Stool-300x200.webp 300w, https:\/\/indonesia-outdoorfurniture.com\/new2026\/wp-content\/uploads\/2025\/02\/Stool-768x512.webp 768w, https:\/\/indonesia-outdoorfurniture.com\/new2026\/wp-content\/uploads\/2025\/02\/Stool-18x12.webp 18w, https:\/\/indonesia-outdoorfurniture.com\/new2026\/wp-content\/uploads\/2025\/02\/Stool.webp 1000w\" sizes=\"auto, (max-width: 600px) 100vw, 600px\" \/><\/figure>\n\n<p>Hocker<\/p>\n\n<figure class=\"wp-block-image size-full\"><img loading=\"lazy\" decoding=\"async\" width=\"1000\" height=\"667\" src=\"https:\/\/indonesia-outdoorfurniture.com\/new2026\/wp-content\/uploads\/2025\/02\/Chair.webp\" alt class=\"wp-image-606\" srcset=\"https:\/\/indonesia-outdoorfurniture.com\/new2026\/wp-content\/uploads\/2025\/02\/Chair.webp 1000w, https:\/\/indonesia-outdoorfurniture.com\/new2026\/wp-content\/uploads\/2025\/02\/Chair-300x200.webp 300w, https:\/\/indonesia-outdoorfurniture.com\/new2026\/wp-content\/uploads\/2025\/02\/Chair-768x512.webp 768w, https:\/\/indonesia-outdoorfurniture.com\/new2026\/wp-content\/uploads\/2025\/02\/Chair-18x12.webp 18w, https:\/\/indonesia-outdoorfurniture.com\/new2026\/wp-content\/uploads\/2025\/02\/Chair-600x400.webp 600w\" sizes=\"auto, (max-width: 1000px) 100vw, 1000px\" \/><\/figure>\n\n<p>St\u00fchle<\/p>\n\n<p>Outdoor Products<\/p>\n\n<figure class=\"wp-block-video\"><video autoplay loop preload=\"auto\"src=\"https:\/\/videos.files.wordpress.com\/uFKSEdQ7\/5.danke-set-1.mp4\" playsinline><\/video><\/figure>\n\n<!-- wp:Array \/-->\n\n<!-- wp:Array \/-->\n\n<p><em><strong>Indonesien M\u00f6bel Im Freien<\/strong>\u00a0<\/em>hat eine abwechslungsreiche Linie von M\u00f6beln f\u00fcr Ihre vielen outdoor verwendet. Gibt es patio sets, teak-B\u00e4nke, outdoor-teak Holz Ess-sets, outdoor-teak Holz-Wohnzimmer-sets, Sonnenliegen, teak St\u00fchle, teak Holz Tischen, und Laufkatze. Diese Entscheidungen in outdoor-M\u00f6bel kommen in vielen verschiedenen Ausf\u00fchrungen und Gr\u00f6\u00dfen, sowie Kombinationen und verwendet. Hier sind einige der\u00a0<strong><a href=\"https:\/\/www.wisanka.com\/\">Wisanka<\/a>\u00a0Outdoor-M\u00f6bel<\/strong> Typen, die Sie k\u00f6nnen w\u00e4hlen Sie aus f\u00fcr Ihre outdoor - <em><strong> M\u00f6bel<\/strong><\/em>\u00a0muss.<\/p>","protected":false},"excerpt":{"rendered":"<p>Indonesia Outdoor Furniture\u00a0has a varied line of furnishings for your many outdoor uses. There are patio sets, teak benches, outdoor teak wood dining sets, outdoor teak wood living sets, sunbeds, teak chairs, teak wood tables, and trolley. These choices in outdoor furniture come in many different designs and sizes as well as combinations and uses. [&hellip;]<\/p>\n","protected":false},"author":1,"featured_media":0,"parent":0,"menu_order":0,"comment_status":"closed","ping_status":"open","template":"","meta":{"footnotes":""},"class_list":["post-2","page","type-page","status-publish","hentry"],"yoast_head":"<!-- This site is optimized with the Yoast SEO plugin v27.1.1 - https:\/\/yoast.com\/product\/yoast-seo-wordpress\/ -->\n<title>Indonesia Outdoor Furniture Manufacturer | Wholesale and Project - Wisanka Outdoor Furniture Manufacturer | Wholesale and Project<\/title>\n<meta name=\"robots\" content=\"index, follow, max-snippet:-1, max-image-preview:large, max-video-preview:-1\" \/>\n<link rel=\"canonical\" href=\"https:\/\/indonesia-outdoorfurniture.com\/de\/\" \/>\n<meta property=\"og:locale\" content=\"de_DE\" \/>\n<meta property=\"og:type\" content=\"article\" \/>\n<meta property=\"og:title\" content=\"Indonesia Outdoor Furniture Manufacturer | Wholesale and Project - Wisanka Outdoor Furniture Manufacturer | Wholesale and Project\" \/>\n<meta property=\"og:description\" content=\"Indonesia Outdoor Furniture\u00a0has a varied line of furnishings for your many outdoor uses. There are patio sets, teak benches, outdoor teak wood dining sets, outdoor teak wood living sets, sunbeds, teak chairs, teak wood tables, and trolley. These choices in outdoor furniture come in many different designs and sizes as well as combinations and uses. [&hellip;]\" \/>\n<meta property=\"og:url\" content=\"https:\/\/indonesia-outdoorfurniture.com\/de\/\" \/>\n<meta property=\"og:site_name\" content=\"Wisanka Outdoor Furniture Manufacturer | Wholesale and Project\" \/>\n<meta property=\"article:modified_time\" content=\"2025-10-16T07:11:34+00:00\" \/>\n<meta property=\"og:image\" content=\"https:\/\/indonesia-outdoorfurniture.com\/new2026\/wp-content\/uploads\/2025\/02\/Outdoor-furniture-Supplier-Production-Process.webp\" \/>\n\t<meta property=\"og:image:width\" content=\"1000\" \/>\n\t<meta property=\"og:image:height\" content=\"667\" \/>\n\t<meta property=\"og:image:type\" content=\"image\/webp\" \/>\n<meta name=\"twitter:card\" content=\"summary_large_image\" \/>\n<meta name=\"twitter:label1\" content=\"Gesch\u00e4tzte Lesezeit\" \/>\n\t<meta name=\"twitter:data1\" content=\"6\u00a0Minuten\" \/>\n<script type=\"application\/ld+json\" class=\"yoast-schema-graph\">{\"@context\":\"https:\/\/schema.org\",\"@graph\":[{\"@type\":\"WebPage\",\"@id\":\"https:\/\/indonesia-outdoorfurniture.com\/\",\"url\":\"https:\/\/indonesia-outdoorfurniture.com\/\",\"name\":\"Indonesia Outdoor Furniture Manufacturer | Wholesale and Project - Wisanka Outdoor Furniture Manufacturer | Wholesale and Project\",\"isPartOf\":{\"@id\":\"https:\/\/indonesia-outdoorfurniture.com\/#website\"},\"primaryImageOfPage\":{\"@id\":\"https:\/\/indonesia-outdoorfurniture.com\/#primaryimage\"},\"image\":{\"@id\":\"https:\/\/indonesia-outdoorfurniture.com\/#primaryimage\"},\"thumbnailUrl\":\"https:\/\/indonesia-outdoorfurniture.com\/new2026\/wp-content\/uploads\/2025\/02\/Outdoor-furniture-Supplier-Production-Process.webp\",\"datePublished\":\"2025-02-24T04:45:31+00:00\",\"dateModified\":\"2025-10-16T07:11:34+00:00\",\"breadcrumb\":{\"@id\":\"https:\/\/indonesia-outdoorfurniture.com\/#breadcrumb\"},\"inLanguage\":\"de\",\"potentialAction\":[{\"@type\":\"ReadAction\",\"target\":[\"https:\/\/indonesia-outdoorfurniture.com\/\"]}]},{\"@type\":\"ImageObject\",\"inLanguage\":\"de\",\"@id\":\"https:\/\/indonesia-outdoorfurniture.com\/#primaryimage\",\"url\":\"https:\/\/indonesia-outdoorfurniture.com\/new2026\/wp-content\/uploads\/2025\/02\/Outdoor-furniture-Supplier-Production-Process.webp\",\"contentUrl\":\"https:\/\/indonesia-outdoorfurniture.com\/new2026\/wp-content\/uploads\/2025\/02\/Outdoor-furniture-Supplier-Production-Process.webp\"},{\"@type\":\"BreadcrumbList\",\"@id\":\"https:\/\/indonesia-outdoorfurniture.com\/#breadcrumb\",\"itemListElement\":[{\"@type\":\"ListItem\",\"position\":1,\"name\":\"Home\",\"item\":\"https:\/\/indonesia-outdoorfurniture.com\/\"},{\"@type\":\"ListItem\",\"position\":2,\"name\":\"Indonesia Outdoor Furniture Manufacturer | Wholesale and Project\"}]},{\"@type\":\"WebSite\",\"@id\":\"https:\/\/indonesia-outdoorfurniture.com\/#website\",\"url\":\"https:\/\/indonesia-outdoorfurniture.com\/\",\"name\":\"Wisanka Outdoor Furniture Manufacturer | Wholesale and Project\",\"description\":\"\",\"potentialAction\":[{\"@type\":\"SearchAction\",\"target\":{\"@type\":\"EntryPoint\",\"urlTemplate\":\"https:\/\/indonesia-outdoorfurniture.com\/?s={search_term_string}\"},\"query-input\":{\"@type\":\"PropertyValueSpecification\",\"valueRequired\":true,\"valueName\":\"search_term_string\"}}],\"inLanguage\":\"de\"}]}<\/script>\n<!-- \/ Yoast SEO plugin. -->","yoast_head_json":{"title":"Indonesia Outdoor Furniture Manufacturer | Wholesale and Project - Wisanka Outdoor Furniture Manufacturer | Wholesale and Project","robots":{"index":"index","follow":"follow","max-snippet":"max-snippet:-1","max-image-preview":"max-image-preview:large","max-video-preview":"max-video-preview:-1"},"canonical":"https:\/\/indonesia-outdoorfurniture.com\/de\/","og_locale":"de_DE","og_type":"article","og_title":"Indonesia Outdoor Furniture Manufacturer | Wholesale and Project - Wisanka Outdoor Furniture Manufacturer | Wholesale and Project","og_description":"Indonesia Outdoor Furniture\u00a0has a varied line of furnishings for your many outdoor uses. There are patio sets, teak benches, outdoor teak wood dining sets, outdoor teak wood living sets, sunbeds, teak chairs, teak wood tables, and trolley. These choices in outdoor furniture come in many different designs and sizes as well as combinations and uses. [&hellip;]","og_url":"https:\/\/indonesia-outdoorfurniture.com\/de\/","og_site_name":"Wisanka Outdoor Furniture Manufacturer | Wholesale and Project","article_modified_time":"2025-10-16T07:11:34+00:00","og_image":[{"width":1000,"height":667,"url":"https:\/\/indonesia-outdoorfurniture.com\/new2026\/wp-content\/uploads\/2025\/02\/Outdoor-furniture-Supplier-Production-Process.webp","type":"image\/webp"}],"twitter_card":"summary_large_image","twitter_misc":{"Gesch\u00e4tzte Lesezeit":"6\u00a0Minuten"},"schema":{"@context":"https:\/\/schema.org","@graph":[{"@type":"WebPage","@id":"https:\/\/indonesia-outdoorfurniture.com\/","url":"https:\/\/indonesia-outdoorfurniture.com\/","name":"Indonesia Outdoor Furniture Manufacturer | Wholesale and Project - Wisanka Outdoor Furniture Manufacturer | Wholesale and Project","isPartOf":{"@id":"https:\/\/indonesia-outdoorfurniture.com\/#website"},"primaryImageOfPage":{"@id":"https:\/\/indonesia-outdoorfurniture.com\/#primaryimage"},"image":{"@id":"https:\/\/indonesia-outdoorfurniture.com\/#primaryimage"},"thumbnailUrl":"https:\/\/indonesia-outdoorfurniture.com\/new2026\/wp-content\/uploads\/2025\/02\/Outdoor-furniture-Supplier-Production-Process.webp","datePublished":"2025-02-24T04:45:31+00:00","dateModified":"2025-10-16T07:11:34+00:00","breadcrumb":{"@id":"https:\/\/indonesia-outdoorfurniture.com\/#breadcrumb"},"inLanguage":"de","potentialAction":[{"@type":"ReadAction","target":["https:\/\/indonesia-outdoorfurniture.com\/"]}]},{"@type":"ImageObject","inLanguage":"de","@id":"https:\/\/indonesia-outdoorfurniture.com\/#primaryimage","url":"https:\/\/indonesia-outdoorfurniture.com\/new2026\/wp-content\/uploads\/2025\/02\/Outdoor-furniture-Supplier-Production-Process.webp","contentUrl":"https:\/\/indonesia-outdoorfurniture.com\/new2026\/wp-content\/uploads\/2025\/02\/Outdoor-furniture-Supplier-Production-Process.webp"},{"@type":"BreadcrumbList","@id":"https:\/\/indonesia-outdoorfurniture.com\/#breadcrumb","itemListElement":[{"@type":"ListItem","position":1,"name":"Home","item":"https:\/\/indonesia-outdoorfurniture.com\/"},{"@type":"ListItem","position":2,"name":"Indonesia Outdoor Furniture Manufacturer | Wholesale and Project"}]},{"@type":"WebSite","@id":"https:\/\/indonesia-outdoorfurniture.com\/#website","url":"https:\/\/indonesia-outdoorfurniture.com\/","name":"Wisanka Outdoor Furniture Manufacturer | Wholesale and Project","description":"","potentialAction":[{"@type":"SearchAction","target":{"@type":"EntryPoint","urlTemplate":"https:\/\/indonesia-outdoorfurniture.com\/?s={search_term_string}"},"query-input":{"@type":"PropertyValueSpecification","valueRequired":true,"valueName":"search_term_string"}}],"inLanguage":"de"}]}},"_links":{"self":[{"href":"https:\/\/indonesia-outdoorfurniture.com\/de\/wp-json\/wp\/v2\/pages\/2","targetHints":{"allow":["GET"]}}],"collection":[{"href":"https:\/\/indonesia-outdoorfurniture.com\/de\/wp-json\/wp\/v2\/pages"}],"about":[{"href":"https:\/\/indonesia-outdoorfurniture.com\/de\/wp-json\/wp\/v2\/types\/page"}],"author":[{"embeddable":true,"href":"https:\/\/indonesia-outdoorfurniture.com\/de\/wp-json\/wp\/v2\/users\/1"}],"replies":[{"embeddable":true,"href":"https:\/\/indonesia-outdoorfurniture.com\/de\/wp-json\/wp\/v2\/comments?post=2"}],"version-history":[{"count":53,"href":"https:\/\/indonesia-outdoorfurniture.com\/de\/wp-json\/wp\/v2\/pages\/2\/revisions"}],"predecessor-version":[{"id":7937,"href":"https:\/\/indonesia-outdoorfurniture.com\/de\/wp-json\/wp\/v2\/pages\/2\/revisions\/7937"}],"wp:attachment":[{"href":"https:\/\/indonesia-outdoorfurniture.com\/de\/wp-json\/wp\/v2\/media?parent=2"}],"curies":[{"name":"wp","href":"https:\/\/api.w.org\/{rel}","templated":true}]}}